{"id":10669,"date":"2024-08-06T17:04:22","date_gmt":"2024-08-06T16:04:22","guid":{"rendered":"https:\/\/jztl.pl\/?post_type=product&#038;p=10669"},"modified":"2024-10-16T17:54:55","modified_gmt":"2024-10-16T16:54:55","slug":"umowa-o-wykorzystanie-wizerunku","status":"publish","type":"product","link":"https:\/\/jztl.pl\/en\/produkt\/umowa-o-wykorzystanie-wizerunku\/","title":{"rendered":"Umowa o wykorzystanie wizerunku"},"content":{"rendered":"<p><span style=\"font-weight: 400;\">Umowa okre\u015bla szczeg\u00f3\u0142owe warunki wykorzystania wizerunku, pola eksploatacji, wynagrodzenie, prawa i obowi\u0105zki stron oraz konsekwencje zwi\u0105zane z wycofaniem zgody.<\/span><\/p>\n<h2>Co zawiera dokument:<\/h2>\n<ol>\n<li style=\"font-weight: 400;\" aria-level=\"1\"><b>Strony Umowy:<\/b><span style=\"font-weight: 400;\"> Dane identyfikacyjne obu stron, czyli Sp\u00f3\u0142ki i Wykonawcy, takie jak nazwa firmy, adres siedziby, numery rejestrowe (KRS, NIP, REGON), kapita\u0142 zak\u0142adowy oraz reprezentanci.<\/span><\/li>\n<li style=\"font-weight: 400;\" aria-level=\"1\"><b>Zgoda na Rozpowszechnianie Wizerunku:<\/b><span style=\"font-weight: 400;\"> O\u015bwiadczenie Wykonawcy dotycz\u0105ce zgody na rozpowszechnianie jego wizerunku.<\/span><\/li>\n<li style=\"font-weight: 400;\" aria-level=\"1\"><b>Warunki i Wynagrodzenie:<\/b><span style=\"font-weight: 400;\"> Warunki finansowe za udzielenie zgody oraz terminy p\u0142atno\u015bci.<\/span><\/li>\n<li style=\"font-weight: 400;\" aria-level=\"1\"><b>Pola Eksploatacji:<\/b><span style=\"font-weight: 400;\"> Szczeg\u00f3\u0142owe pola, na kt\u00f3rych wizerunek mo\u017ce by\u0107 wykorzystany, obejmuj\u0105ce r\u00f3\u017cne media i technologie m.in. w publikacjach elektronicznych, jakich jak wiadomo\u015bci elektroniczne, strony i aplikacje internetowe, aplikacje mobilne, blogi, portale spo\u0142eczno\u015bciowe i serwisy internetowe (w tym m.in. Facebook, Twitter, YouTube, Instagram, TikTok, Snapchat, bannery i wyskakuj\u0105ce okienka.<\/span><\/li>\n<li style=\"font-weight: 400;\" aria-level=\"1\"><b>Przeniesienie Praw:<\/b><span style=\"font-weight: 400;\"> Przeniesienie praw do rozpowszechniania wizerunku na Sp\u00f3\u0142k\u0119, bez ogranicze\u0144 czasowych i terytorialnych.<\/span><\/li>\n<li style=\"font-weight: 400;\" aria-level=\"1\"><b>Dalsze Zezwolenia:<\/b><span style=\"font-weight: 400;\"> Uprawnienie Sp\u00f3\u0142ki do udzielania dalszych zezwole\u0144 na rozpowszechnianie wizerunku.<\/span><\/li>\n<li style=\"font-weight: 400;\" aria-level=\"1\"><b>Zobowi\u0105zania Wykonawcy:<\/b><span style=\"font-weight: 400;\"> Zobowi\u0105zanie Wykonawcy do nie wycofywania zgody przez okre\u015blony czas oraz konsekwencje za cofni\u0119cie zgody.<\/span><\/li>\n<li style=\"font-weight: 400;\" aria-level=\"1\"><b>Poufno\u015b\u0107:<\/b><span style=\"font-weight: 400;\"> Postanowienia dotycz\u0105ce poufno\u015bci tre\u015bci umowy.<\/span><\/li>\n<li style=\"font-weight: 400;\" aria-level=\"1\"><b>Niewa\u017cno\u015b\u0107 i Nieskuteczno\u015b\u0107:<\/b><span style=\"font-weight: 400;\"> Procedury w przypadku uznania niekt\u00f3rych postanowie\u0144 za niewa\u017cne lub nieskuteczne.<\/span><\/li>\n<li style=\"font-weight: 400;\" aria-level=\"1\"><b>Rozwi\u0105zanie Poprzednich Um\u00f3w:<\/b><span style=\"font-weight: 400;\"> Klauzula dotycz\u0105ca rozwi\u0105zania poprzednich ustale\u0144 i um\u00f3w w zakresie obj\u0119tym niniejsz\u0105 umow\u0105.<\/span><\/li>\n<li style=\"font-weight: 400;\" aria-level=\"1\"><b>Zmiany Umowy:<\/b><span style=\"font-weight: 400;\"> Wymagania dotycz\u0105ce wprowadzania zmian w umowie.<\/span><\/li>\n<\/ol>\n<h2>Korzy\u015bci:<\/h2>\n<ul>\n<li style=\"font-weight: 400;\" aria-level=\"1\"><b>Dla Wykonawcy:<\/b><span style=\"font-weight: 400;\"> Otrzymanie wynagrodzenia za zgod\u0119 na rozpowszechnianie wizerunku, profesjonalna post produkcja wizerunku.<\/span><\/li>\n<li style=\"font-weight: 400;\" aria-level=\"1\"><b>Dla Sp\u00f3\u0142ki:<\/b><span style=\"font-weight: 400;\"> Nabycie prawa do szerokiego i nieograniczonego terytorialnie oraz czasowo rozpowszechniania wizerunku Wykonawcy, mo\u017cliwo\u015b\u0107 sublicencjonowania praw.<\/span><\/li>\n<\/ul>\n<h2>Dla kogo?<\/h2>\n<ul>\n<li style=\"font-weight: 400;\" aria-level=\"1\"><b>Wykonawcy:<\/b><span style=\"font-weight: 400;\"> Osoby wyra\u017caj\u0105ce zgod\u0119 na rozpowszechnianie swojego wizerunku.<\/span><\/li>\n<li style=\"font-weight: 400;\" aria-level=\"1\"><b>Sp\u00f3\u0142ki:<\/b><span style=\"font-weight: 400;\"> Firmy, kt\u00f3re zamierzaj\u0105 u\u017cywa\u0107 wizerunku Wykonawcy w r\u00f3\u017cnych mediach i na r\u00f3\u017cnych polach eksploatacji, w celach marketingowych, promocyjnych czy reklamowych.<\/span><\/li>\n<\/ul>\n","protected":false},"excerpt":{"rendered":"<p>Umowa o rozpowszechnianie i wykorzystanie wizerunku to dokument na podstawie kt\u00f3rego Wykonawca wyra\u017ca zgod\u0119 na rozpowszechnianie swojego wizerunku przez Sp\u00f3\u0142k\u0119.<\/p>\n","protected":false},"featured_media":10640,"comment_status":"closed","ping_status":"closed","template":"","meta":{"_acf_changed":false},"product_brand":[],"product_cat":[24],"product_tag":[],"class_list":{"0":"post-10669","1":"product","2":"type-product","3":"status-publish","4":"has-post-thumbnail","6":"product_cat-umowy","8":"first","9":"instock","10":"downloadable","11":"virtual","12":"taxable","13":"purchasable","14":"product-type-simple"},"acf":[],"_links":{"self":[{"href":"https:\/\/jztl.pl\/en\/wp-json\/wp\/v2\/product\/10669","targetHints":{"allow":["GET"]}}],"collection":[{"href":"https:\/\/jztl.pl\/en\/wp-json\/wp\/v2\/product"}],"about":[{"href":"https:\/\/jztl.pl\/en\/wp-json\/wp\/v2\/types\/product"}],"replies":[{"embeddable":true,"href":"https:\/\/jztl.pl\/en\/wp-json\/wp\/v2\/comments?post=10669"}],"wp:featuredmedia":[{"embeddable":true,"href":"https:\/\/jztl.pl\/en\/wp-json\/wp\/v2\/media\/10640"}],"wp:attachment":[{"href":"https:\/\/jztl.pl\/en\/wp-json\/wp\/v2\/media?parent=10669"}],"wp:term":[{"taxonomy":"product_brand","embeddable":true,"href":"https:\/\/jztl.pl\/en\/wp-json\/wp\/v2\/product_brand?post=10669"},{"taxonomy":"product_cat","embeddable":true,"href":"https:\/\/jztl.pl\/en\/wp-json\/wp\/v2\/product_cat?post=10669"},{"taxonomy":"product_tag","embeddable":true,"href":"https:\/\/jztl.pl\/en\/wp-json\/wp\/v2\/product_tag?post=10669"}],"curies":[{"name":"wp","href":"https:\/\/api.w.org\/{rel}","templated":true}]}}