{"id":7364,"date":"2024-04-12T07:09:30","date_gmt":"2024-04-12T07:09:30","guid":{"rendered":"https:\/\/jztl.pl\/?post_type=product&#038;p=7364"},"modified":"2024-10-16T17:55:53","modified_gmt":"2024-10-16T16:55:53","slug":"umowa-wspolpracy-b2b-wzor","status":"publish","type":"product","link":"https:\/\/jztl.pl\/en\/produkt\/umowa-wspolpracy-b2b-wzor\/","title":{"rendered":"Umowa wsp\u00f3\u0142pracy B2B"},"content":{"rendered":"<h2>Umowa B2B &#8211; informacje<\/h2>\n<p>Umowa B2B, to porozumienie zawierane pomi\u0119dzy dwoma podmiotami biznesowymi. Z uwagi na rosn\u0105c\u0105 popularno\u015b\u0107 samozatrudnienia, umowy B2B staj\u0105 si\u0119 coraz bardziej atrakcyjne. Stanowi\u0105 one alternatyw\u0119 dla tradycyjnych form zatrudnienia, takich jak umowa o prac\u0119 czy umowy cywilnoprawne (np. umowa o dzie\u0142o czy umowa zlecenie). Warto zaznaczy\u0107, \u017ce ka\u017cda umowa B2B wymaga posiadania w\u0142asnej dzia\u0142alno\u015bci gospodarczej. Osoby zainteresowane tak\u0105 umow\u0105 musz\u0105 wi\u0119c najpierw za\u0142o\u017cy\u0107 w\u0142asn\u0105 firm\u0119.<\/p>\n<h2>R\u00f3\u017cnica mi\u0119dzy umow\u0105 B2B a umow\u0105 o prac\u0119<\/h2>\n<p>Istnieje kilka istotnych r\u00f3\u017cnic mi\u0119dzy umow\u0105 B2B a umow\u0105 o prac\u0119. W przypadku umowy B2B firma nie mo\u017ce narzuci\u0107 samozatrudnionemu okre\u015blonego miejsca ani czasu wykonywania <a href=\"https:\/\/jztl.pl\/publikacje\/obowiazki-czlonka-zarzadu\/\">obowi\u0105zk\u00f3w<\/a>. Tego typu kontrakty nie s\u0105 obj\u0119te przepisami Kodeksu pracy, a reguluje je Kodeks cywilny. To niesie ze sob\u0105 pewne konsekwencje, kt\u00f3re warto rozwa\u017cy\u0107 przed podpisaniem umowy, takie jak brak typowych uprawnie\u0144 pracowniczych, na przyk\u0142ad p\u0142atnego urlopu czy naliczania sta\u017cu pracy. Osoba zawieraj\u0105ca umow\u0119 B2B musi samodzielnie za\u0142atwia\u0107 wszelkie formalno\u015bci, wi\u0119c potrzebna jest znajomo\u015b\u0107 zasad <a href=\"https:\/\/jztl.pl\/publikacje\/odpowiedzialnosc-za-bledne-rozliczenie-przez-biuro-ksiegowe\/\">ksi\u0119gowo\u015bci<\/a>, odprowadzania sk\u0142adek czy innych kwestii rozliczeniowych. Przej\u015bcie z umowy o prac\u0119 na B2B jest mo\u017cliwe, jednak warto pami\u0119ta\u0107, \u017ce wsp\u00f3\u0142praca w oparciu o samozatrudnienie nie jest r\u00f3wnoznaczna ze stosunkiem pracy.<\/p>\n<h2>Wz\u00f3r Umowy B2B &#8211; opis szczeg\u00f3\u0142owy<\/h2>\n<p style=\"font-weight: 400;\"><strong>Umowa zosta\u0142a przygotowana na 9 stronach i zawiera 18 paragraf\u00f3w, kt\u00f3re szczeg\u00f3\u0142owo reguluj\u0105 wszystkie niezb\u0119dne aspekty \u015bwiadczenia us\u0142ug przez zleceniobiorc\u0119.<\/strong><\/p>\n<p style=\"font-weight: 400;\">W przygotowanej umowie zawarte s\u0105 nast\u0119puj\u0105ce postanowienia:<\/p>\n<ol style=\"font-weight: 400;\">\n<li>Zleceniobiorca u\u017cywa w\u0142asnych narz\u0119dzi do \u015bwiadczenia us\u0142ug, jednak Zleceniodawca dostarcza mu niezb\u0119dny sprz\u0119t komputerowy oraz oprogramowanie. Zleceniobiorca ponosi <a href=\"https:\/\/jztl.pl\/odpowiedzialnosc-czlonkow-zarzadu-spolek\/\">odpowiedzialno\u015b\u0107<\/a> za opiek\u0119 nad przekazanymi narz\u0119dziami i materia\u0142ami oraz jest zobowi\u0105zany niezw\u0142ocznie informowa\u0107 Zleceniodawc\u0119 o ich utracie lub uszkodzeniu. Po zako\u0144czeniu umowy Zleceniobiorca jest zobowi\u0105zany zwr\u00f3ci\u0107 Zleceniodawcy wszelkie narz\u0119dzia i materia\u0142y na jego \u017c\u0105danie lub najp\u00f3\u017aniej w dniu rozwi\u0105zania umowy.<\/li>\n<li>Zleceniobiorca samodzielnie wybiera miejsce realizacji us\u0142ug, jednak zobowi\u0105zany jest do \u015bwiadczenia ich w pomieszczeniach Zleceniodawcy lub w innych miejscach, kt\u00f3re zostan\u0105 uzgodnione. Czas i termin \u015bwiadczenia us\u0142ug b\u0119d\u0105 ustalane mi\u0119dzy stronami zgodnie z potrzebami Zleceniodawcy, przy czym Zleceniobiorca informuje Zleceniodawc\u0119 o proponowanym terminie i sposobie realizacji us\u0142ug.<\/li>\n<li>Zleceniobiorca zobowi\u0105zuje si\u0119 do zachowania poufno\u015bci w odniesieniu do wszystkich poufnych informacji, takich jak dane techniczne, technologiczne, organizacyjne oraz inne o warto\u015bci gospodarczej, kt\u00f3re zosta\u0142y ujawnione w trakcie wykonywania umowy. Jest to istotne dla ochrony interes\u00f3w Zleceniodawcy oraz zapobiegania potencjalnym szkodom wynikaj\u0105cym z nieuprawnionego ujawnienia tych informacji lub ich nieuczciwego wykorzystania.<\/li>\n<li>Umowa okre\u015bla mo\u017cliwo\u015b\u0107 rozwi\u0105zania jej przez obie strony oraz przypadki, w kt\u00f3rych Zleceniodawca ma prawo do natychmiastowego rozwi\u0105zania umowy w przypadku powa\u017cnych narusze\u0144 ze strony Zleceniobiorcy.<\/li>\n<li>Zleceniobiorca przenosi na Zleceniodawc\u0119 wszystkie prawa maj\u0105tkowe do utwor\u00f3w powsta\u0142ych w wyniku \u015bwiadczenia us\u0142ug oraz okre\u015bla wynagrodzenie za przeniesienie praw autorskich oraz praw zezwalania na wykonywanie praw zale\u017cnych do tych utwor\u00f3w.<\/li>\n<li>Umowa nak\u0142ada obowi\u0105zek sumiennego wykonywania zada\u0144 przez Zleceniobiorc\u0119 oraz przestrzegania regulamin\u00f3w i wskaz\u00f3wek Zleceniodawcy, zar\u00f3wno w trakcie trwania umowy, jak i po jej zako\u0144czeniu.<\/li>\n<li>Umowa reguluje kwestie rozlicze\u0144 za \u015bwiadczone us\u0142ugi, obejmuj\u0105ce miesi\u0119czne wynagrodzenie oraz zwrot poniesionych wydatk\u00f3w. P\u0142atno\u015bci b\u0119d\u0105 dokonywane raz w miesi\u0105cu.<\/li>\n<li>Umowa zawiera zakaz prowadzenia dzia\u0142alno\u015bci konkurencyjnej przez Zleceniobiorc\u0119 zar\u00f3wno w trakcie trwania umowy, jak i przez 12 miesi\u0119cy po jej zako\u0144czeniu. Naruszenie tego zakazu grozi wypowiedzeniem umowy oraz kar\u0105 umown\u0105.<\/li>\n<li>Umowa wyklucza stosunek pracy, okre\u015blaj\u0105c status Zleceniobiorcy jako niezale\u017cnego konsultanta. Zleceniobiorca jest odpowiedzialny za przekazywanie zaliczek na podatek i sk\u0142adki na ubezpieczenia spo\u0142eczne.<\/li>\n<li>Umowa precyzuje, \u017ce Zleceniobiorca ponosi odpowiedzialno\u015b\u0107 za szkody wyrz\u0105dzone podczas \u015bwiadczenia us\u0142ug, r\u00f3wnie\u017c wobec os\u00f3b trzecich.<\/li>\n<\/ol>\n","protected":false},"excerpt":{"rendered":"<p>Gotowy wz\u00f3r umowy wsp\u00f3\u0142pracy (B2B), przygotowany przez kancelari\u0119 Ziobrowski Tax&amp;Law to kompletny produkt stworzony w celu zabezpieczenia interes\u00f3w zleceniodawcy.<\/p>\n","protected":false},"featured_media":7493,"comment_status":"open","ping_status":"closed","template":"","meta":{"_acf_changed":false},"product_brand":[],"product_cat":[24],"product_tag":[],"class_list":{"0":"post-7364","1":"product","2":"type-product","3":"status-publish","4":"has-post-thumbnail","6":"product_cat-umowy","8":"first","9":"instock","10":"downloadable","11":"virtual","12":"taxable","13":"purchasable","14":"product-type-simple"},"acf":[],"_links":{"self":[{"href":"https:\/\/jztl.pl\/en\/wp-json\/wp\/v2\/product\/7364","targetHints":{"allow":["GET"]}}],"collection":[{"href":"https:\/\/jztl.pl\/en\/wp-json\/wp\/v2\/product"}],"about":[{"href":"https:\/\/jztl.pl\/en\/wp-json\/wp\/v2\/types\/product"}],"replies":[{"embeddable":true,"href":"https:\/\/jztl.pl\/en\/wp-json\/wp\/v2\/comments?post=7364"}],"wp:featuredmedia":[{"embeddable":true,"href":"https:\/\/jztl.pl\/en\/wp-json\/wp\/v2\/media\/7493"}],"wp:attachment":[{"href":"https:\/\/jztl.pl\/en\/wp-json\/wp\/v2\/media?parent=7364"}],"wp:term":[{"taxonomy":"product_brand","embeddable":true,"href":"https:\/\/jztl.pl\/en\/wp-json\/wp\/v2\/product_brand?post=7364"},{"taxonomy":"product_cat","embeddable":true,"href":"https:\/\/jztl.pl\/en\/wp-json\/wp\/v2\/product_cat?post=7364"},{"taxonomy":"product_tag","embeddable":true,"href":"https:\/\/jztl.pl\/en\/wp-json\/wp\/v2\/product_tag?post=7364"}],"curies":[{"name":"wp","href":"https:\/\/api.w.org\/{rel}","templated":true}]}}