{"id":10492,"date":"2024-07-22T19:39:31","date_gmt":"2024-07-22T18:39:31","guid":{"rendered":"https:\/\/jztl.pl\/?post_type=product&#038;p=10492"},"modified":"2024-10-16T17:55:15","modified_gmt":"2024-10-16T16:55:15","slug":"umowa-wspolpracy-z-influencerem","status":"publish","type":"product","link":"https:\/\/jztl.pl\/uk\/produkt\/umowa-wspolpracy-z-influencerem\/","title":{"rendered":"Umowa wsp\u00f3\u0142pracy z influencerem"},"content":{"rendered":"<p><span style=\"font-weight: 400;\">Umowa Wsp\u00f3\u0142pracy z Influencerem to pomi\u0119dzy Zamawiaj\u0105cym a Wykonawc\u0105. Umowa okre\u015bla warunki, na jakich Influencer b\u0119dzie promowa\u0142 produkty Zamawiaj\u0105cego na swoich profilach w mediach spo\u0142eczno\u015bciowych. Dokument zawiera szczeg\u00f3\u0142owe informacje dotycz\u0105ce zakresu pracy, praw i obowi\u0105zk\u00f3w obu stron, warunk\u00f3w p\u0142atno\u015bci, klauzul poufno\u015bci oraz praw autorskich.<\/span><\/p>\n<h2>Co zawiera dokument:<\/h2>\n<ol>\n<li style=\"font-weight: 400;\" aria-level=\"1\"><b>Strony Umowy:<\/b>\n<ul>\n<li style=\"font-weight: 400;\" aria-level=\"2\"><span style=\"font-weight: 400;\">Szczeg\u00f3\u0142y Zamawiaj\u0105cego: Nazwa firmy, adres siedziby, s\u0105d rejestrowy, KRS, NIP, REGON, kapita\u0142 zak\u0142adowy, reprezentant.<\/span><\/li>\n<li style=\"font-weight: 400;\" aria-level=\"2\"><span style=\"font-weight: 400;\">Szczeg\u00f3\u0142y Wykonawcy: Nazwa firmy, adres siedziby, s\u0105d rejestrowy, KRS, NIP, REGON, kapita\u0142 zak\u0142adowy, reprezentant.<\/span><\/li>\n<\/ul>\n<\/li>\n<li style=\"font-weight: 400;\" aria-level=\"1\"><b>Przedmiot Umowy:<\/b>\n<ul>\n<li style=\"font-weight: 400;\" aria-level=\"2\"><span style=\"font-weight: 400;\">Opis dzia\u0142a\u0144 promocyjnych, kt\u00f3re Influencer zobowi\u0105zuje si\u0119 wykona\u0107, w tym publikowanie materia\u0142\u00f3w wideo, post\u00f3w i stories na Instagramie, TikToku i Facebooku.<\/span><\/li>\n<\/ul>\n<\/li>\n<li style=\"font-weight: 400;\" aria-level=\"1\"><b>O\u015bwiadczenia Stron:<\/b>\n<ul>\n<li style=\"font-weight: 400;\" aria-level=\"2\"><span style=\"font-weight: 400;\">Warunki okresu trwania umowy, zgody na wykorzystanie wizerunku Wykonawcy przez Zamawiaj\u0105cego oraz prawa do publikacji materia\u0142\u00f3w.<\/span><\/li>\n<\/ul>\n<\/li>\n<li style=\"font-weight: 400;\" aria-level=\"1\"><b>Wynagrodzenie:<\/b>\n<ul>\n<li style=\"font-weight: 400;\" aria-level=\"2\"><span style=\"font-weight: 400;\">Szczeg\u00f3\u0142owe warunki p\u0142atno\u015bci za wykonanie umowy, w tym wysoko\u015b\u0107 wynagrodzenia oraz terminy p\u0142atno\u015bci.<\/span><\/li>\n<\/ul>\n<\/li>\n<li style=\"font-weight: 400;\" aria-level=\"1\"><b>Niewykonanie lub Nienale\u017cyte Wykonanie Umowy:<\/b>\n<ul>\n<li style=\"font-weight: 400;\" aria-level=\"2\"><span style=\"font-weight: 400;\">Sankcje za niewykonanie lub nienale\u017cyte wykonanie umowy, w tym kary umowne i prawo do odszkodowania.<\/span><\/li>\n<\/ul>\n<\/li>\n<li style=\"font-weight: 400;\" aria-level=\"1\"><b>Zakaz Konkurencji:<\/b>\n<ul>\n<li style=\"font-weight: 400;\" aria-level=\"2\"><span style=\"font-weight: 400;\">Warunki zakazu \u015bwiadczenia us\u0142ug dla konkurencyjnych podmiot\u00f3w przez Influencera w okresie trwania umowy.<\/span><\/li>\n<\/ul>\n<\/li>\n<li style=\"font-weight: 400;\" aria-level=\"1\"><b>Prawa Autorskie:<\/b>\n<ul>\n<li style=\"font-weight: 400;\" aria-level=\"2\"><span style=\"font-weight: 400;\">Przeniesienie praw maj\u0105tkowych i pokrewnych do dzie\u0142a stworzonego przez Influencera na rzecz Zamawiaj\u0105cego oraz warunki korzystania z tych praw m.in. Wykonawca udziela Zamawiaj\u0105cemu prawa do wykorzystania wizerunku Wykonawcy w mediach spo\u0142eczno\u015bciowych marki Zamawiaj\u0105cego TikTok, Facebook, Instagram, YouTube. \u2013 dotyczy wizerunku Wykonawcy w ramach Dzie\u0142a.<\/span><\/li>\n<li style=\"font-weight: 400;\" aria-level=\"2\"><\/li>\n<\/ul>\n<\/li>\n<li style=\"font-weight: 400;\" aria-level=\"1\"><b>Zgoda na Rozpowszechnianie Wizerunku:<\/b>\n<ul>\n<li style=\"font-weight: 400;\" aria-level=\"2\"><span style=\"font-weight: 400;\">Szczeg\u00f3\u0142owe warunki wykorzystania i rozpowszechniania wizerunku Influencera przez Zamawiaj\u0105cego.<\/span><\/li>\n<\/ul>\n<\/li>\n<li style=\"font-weight: 400;\" aria-level=\"1\"><b>Klauzula Poufno\u015bci:<\/b>\n<ul>\n<li style=\"font-weight: 400;\" aria-level=\"2\"><span style=\"font-weight: 400;\">Zobowi\u0105zanie obu stron do zachowania poufno\u015bci informacji zwi\u0105zanych z umow\u0105 wraz z kar\u0105 umow\u0105.<\/span><\/li>\n<\/ul>\n<\/li>\n<li style=\"font-weight: 400;\" aria-level=\"1\"><b>Postanowienia Ko\u0144cowe:<\/b>\n<ul>\n<li style=\"font-weight: 400;\" aria-level=\"2\"><span style=\"font-weight: 400;\">Warunki wprowadzania zmian do umowy, zobowi\u0105zania do przestrzegania standard\u00f3w etycznych oraz przepisy ko\u0144cowe.<\/span><\/li>\n<\/ul>\n<\/li>\n<\/ol>\n<h2>Korzy\u015bci:<\/h2>\n<ul>\n<li style=\"font-weight: 400;\" aria-level=\"1\"><span style=\"font-weight: 400;\">Jasno okre\u015blone warunki wsp\u00f3\u0142pracy mi\u0119dzy Influencerem a firm\u0105.<\/span><\/li>\n<li style=\"font-weight: 400;\" aria-level=\"1\"><span style=\"font-weight: 400;\">Zabezpieczenie interes\u00f3w obu stron poprzez szczeg\u00f3\u0142owe klauzule dotycz\u0105ce praw i obowi\u0105zk\u00f3w.<\/span><\/li>\n<li style=\"font-weight: 400;\" aria-level=\"1\"><span style=\"font-weight: 400;\">Profesjonalne podej\u015bcie do promocji produkt\u00f3w w mediach spo\u0142eczno\u015bciowych.<\/span><\/li>\n<\/ul>\n<h2>Dla kogo?<\/h2>\n<ul>\n<li style=\"font-weight: 400;\" aria-level=\"1\"><span style=\"font-weight: 400;\">Firmy poszukuj\u0105ce Influencera do promocji swoich produkt\u00f3w lub us\u0142ug.<\/span><\/li>\n<\/ul>\n","protected":false},"excerpt":{"rendered":"<p>Wz\u00f3r umowy z influencerem w zakresie opublikowania w postaci 1 rolki w mediach spo\u0142eczno\u015bciowych (Instagram, TikTok, Facebook) materia\u0142\u00f3w video, zawieraj\u0105cych lokowanie produkt\u00f3w marki oraz stworzenia oraz opublikowania 2 post\u00f3w oraz 2 stories.<\/p>\n","protected":false},"featured_media":10649,"comment_status":"closed","ping_status":"closed","template":"","meta":{"_acf_changed":false},"product_brand":[],"product_cat":[24],"product_tag":[],"class_list":{"0":"post-10492","1":"product","2":"type-product","3":"status-publish","4":"has-post-thumbnail","6":"product_cat-umowy","8":"first","9":"instock","10":"downloadable","11":"virtual","12":"taxable","13":"purchasable","14":"product-type-simple"},"acf":[],"_links":{"self":[{"href":"https:\/\/jztl.pl\/uk\/wp-json\/wp\/v2\/product\/10492","targetHints":{"allow":["GET"]}}],"collection":[{"href":"https:\/\/jztl.pl\/uk\/wp-json\/wp\/v2\/product"}],"about":[{"href":"https:\/\/jztl.pl\/uk\/wp-json\/wp\/v2\/types\/product"}],"replies":[{"embeddable":true,"href":"https:\/\/jztl.pl\/uk\/wp-json\/wp\/v2\/comments?post=10492"}],"wp:featuredmedia":[{"embeddable":true,"href":"https:\/\/jztl.pl\/uk\/wp-json\/wp\/v2\/media\/10649"}],"wp:attachment":[{"href":"https:\/\/jztl.pl\/uk\/wp-json\/wp\/v2\/media?parent=10492"}],"wp:term":[{"taxonomy":"product_brand","embeddable":true,"href":"https:\/\/jztl.pl\/uk\/wp-json\/wp\/v2\/product_brand?post=10492"},{"taxonomy":"product_cat","embeddable":true,"href":"https:\/\/jztl.pl\/uk\/wp-json\/wp\/v2\/product_cat?post=10492"},{"taxonomy":"product_tag","embeddable":true,"href":"https:\/\/jztl.pl\/uk\/wp-json\/wp\/v2\/product_tag?post=10492"}],"curies":[{"name":"wp","href":"https:\/\/api.w.org\/{rel}","templated":true}]}}