{"id":10746,"date":"2024-08-28T11:27:10","date_gmt":"2024-08-28T10:27:10","guid":{"rendered":"https:\/\/jztl.pl\/?post_type=product&#038;p=10746"},"modified":"2024-10-16T17:54:38","modified_gmt":"2024-10-16T16:54:38","slug":"umowa-o-stworzenie-dziela-wraz-z-przeniesieniem-praw-autorskich","status":"publish","type":"product","link":"https:\/\/jztl.pl\/uk\/produkt\/umowa-o-stworzenie-dziela-wraz-z-przeniesieniem-praw-autorskich\/","title":{"rendered":"Umowa o stworzenie dzie\u0142a wraz z przeniesieniem praw autorskich"},"content":{"rendered":"<h3><b>Opis:<\/b><\/h3>\n<p><span style=\"font-weight: 400;\">Dokument opisuje warunki umowy pomi\u0119dzy dwiema firmami dotycz\u0105cej stworzenia koncepcji kreatywnej przez Kontrahenta na rzecz Sp\u00f3\u0142ki. Umowa zawiera szczeg\u00f3\u0142owe informacje o zakresie prac, harmonogramie, prawach autorskich, wynagrodzeniu, odpowiedzialno\u015bci, poufno\u015bci oraz postanowieniach ko\u0144cowych.<\/span><\/p>\n<h2>Co zawiera dokument:<\/h2>\n<ul>\n<li style=\"font-weight: 400;\" aria-level=\"1\"><b>Komparycja:<\/b><span style=\"font-weight: 400;\"> Dane identyfikacyjne obu stron umowy, w tym nazwy firm, adresy siedzib, s\u0105dy rejestrowe, KRS, NIP, REGON, kapita\u0142 zak\u0142adowy, oraz osoby reprezentuj\u0105ce.<\/span><\/li>\n<li style=\"font-weight: 400;\" aria-level=\"1\"><b>Przedmiot umowy:<\/b><span style=\"font-weight: 400;\"> Okre\u015blenie, \u017ce przedmiotem umowy jest stworzenie koncepcji kreatywnej oraz szczeg\u00f3\u0142owy zakres prac i harmonogram.<\/span><\/li>\n<li style=\"font-weight: 400;\" aria-level=\"1\"><b>Wykonywanie umowy:<\/b><span style=\"font-weight: 400;\"> Obowi\u0105zki Kontrahenta dotycz\u0105ce realizacji umowy, standard\u00f3w staranno\u015bci, mo\u017cliwo\u015bci zlecania prac osobom trzecim oraz wsp\u00f3\u0142pracy Sp\u00f3\u0142ki.<\/span><\/li>\n<li style=\"font-weight: 400;\" aria-level=\"1\"><b>Prawa autorskie i prawa pokrewne:<\/b><span style=\"font-weight: 400;\"> Przeniesienie autorskich praw maj\u0105tkowych do stworzonej Kreacji na rzecz Sp\u00f3\u0142ki.<\/span> <span style=\"font-weight: 400;\">Przeniesienie wszelkie autorskie prawa maj\u0105tkowe do Kreacji bez ogranicze\u0144 czasowych i terytorialnych, na wszelkich znanych w chwili zawarcia niniejszej umowy polach eksploatacji, w szczeg\u00f3lno\u015bci: w zakresie utrwalania i zwielokrotniania \u2013 powielanie na wszelkich no\u015bnikach audio, wizualnych oraz audiowizualnych, technik\u0105 drukarsk\u0105, reprograficzn\u0105, zapisu magnetycznego oraz technik\u0105 cyfrow\u0105, wprowadzanie do pami\u0119ci komputera i Internetu; w zakresie wprowadzania do obrotu \u2013 sprzeda\u017c, u\u017cyczenie, najem, zamiana, darowizna; w zakresie rozpowszechniania utworu w spos\u00f3b inny, ni\u017c okre\u015blony powy\u017cej \u2013 nadawanie i reemitowanie za pomoc\u0105 stacji naziemnej w technice przewodowej lub bezprzewodowej, nadanie i reemitowanie za pomoc\u0105 stacji satelitarnej, rozpowszechnianie poprzez publiczne wykonanie, wystawienie, wy\u015bwietlenie lub odtworzenie, publiczne udost\u0119pnianie utworu w taki spos\u00f3b, aby ka\u017cdy m\u00f3g\u0142 mie\u0107 do niego dost\u0119p w miejscu i w czasie przez siebie wybranym, w\u0142\u0105czanie utwor\u00f3w do w\u0142asnych materia\u0142\u00f3w i publikacji w postaci oryginalnej b\u0105d\u017a w postaci opracowa\u0144, w rozumieniu ustawy o prawie autorskim i prawach pokrewnych.\u00a0<\/span><\/li>\n<li style=\"font-weight: 400;\" aria-level=\"1\"><b>Wynagrodzenie:<\/b><span style=\"font-weight: 400;\"> Wysoko\u015b\u0107, termin i spos\u00f3b zap\u0142aty wynagrodzenia za wykonane prace.<\/span><\/li>\n<li style=\"font-weight: 400;\" aria-level=\"1\"><b>Odpowiedzialno\u015b\u0107:<\/b><span style=\"font-weight: 400;\"> Warunki zwolnienia z odpowiedzialno\u015bci, definicja Si\u0142y Wy\u017cszej, odpowiedzialno\u015b\u0107 za wady prawne utwor\u00f3w.<\/span><\/li>\n<li style=\"font-weight: 400;\" aria-level=\"1\"><b>Zachowanie poufno\u015bci:<\/b><span style=\"font-weight: 400;\"> Zasady dotycz\u0105ce poufno\u015bci informacji i konsekwencje jej naruszenia.<\/span><\/li>\n<li style=\"font-weight: 400;\" aria-level=\"1\"><b>Przedstawiciele Stron:<\/b><span style=\"font-weight: 400;\"> Dane kontaktowe os\u00f3b odpowiedzialnych za wykonywanie postanowie\u0144 umowy.<\/span><\/li>\n<li style=\"font-weight: 400;\" aria-level=\"1\"><b>Korespondencja:<\/b><span style=\"font-weight: 400;\"> Zasady dotycz\u0105ce wymiany informacji mi\u0119dzy Stronami.<\/span><\/li>\n<li style=\"font-weight: 400;\" aria-level=\"1\"><b>Postanowienia ko\u0144cowe:<\/b><span style=\"font-weight: 400;\"> O\u015bwiadczenia Stron dotycz\u0105ce zgodno\u015bci z prawem, etyki, rozwi\u0105zywania spor\u00f3w oraz zmiany umowy.<\/span><\/li>\n<\/ul>\n<h2><b>Korzy\u015bci:<\/b><\/h2>\n<ul>\n<li style=\"font-weight: 400;\" aria-level=\"1\"><b>Dla Sp\u00f3\u0142ki:<\/b><span style=\"font-weight: 400;\"> Otrzymanie profesjonalnie przygotowanej kreacji kreatywnej zgodnie z okre\u015blonymi za\u0142o\u017ceniami i w ustalonym terminie. Pe\u0142ne prawa autorskie do kreacji.<\/span><\/li>\n<li style=\"font-weight: 400;\" aria-level=\"1\"><b>Dla Kontrahenta:<\/b><span style=\"font-weight: 400;\"> Jasno okre\u015blone obowi\u0105zki i wynagrodzenie za wykonane prace. Mo\u017cliwo\u015b\u0107 wsp\u00f3\u0142pracy z renomowan\u0105 firm\u0105.<\/span><\/li>\n<\/ul>\n<h2><b>Dla kogo?<\/b><\/h2>\n<ul>\n<li style=\"font-weight: 400;\" aria-level=\"1\"><b>Dla firm:<\/b><span style=\"font-weight: 400;\"> Potrzebuj\u0105cych profesjonalnej kreacji kreatywnej do swoich projekt\u00f3w marketingowych lub innych przedsi\u0119wzi\u0119\u0107.<\/span><\/li>\n<li style=\"font-weight: 400;\" aria-level=\"1\"><b>Dla kreatywnych agencji:<\/b><span style=\"font-weight: 400;\"> \u015awiadcz\u0105cych us\u0142ugi z zakresu tworzenia koncepcji kreatywnych i pragn\u0105cych uregulowa\u0107 warunki wsp\u00f3\u0142pracy z klientami.<\/span><\/li>\n<\/ul>\n<p><span style=\"font-weight: 400;\">Ten szablon mo\u017cna dostosowa\u0107 do konkretnych wymaga\u0144 obu stron umowy, uzupe\u0142niaj\u0105c brakuj\u0105ce informacje w odpowiednich miejscach.<\/span><\/p>\n","protected":false},"excerpt":{"rendered":"<p>Umowa zawiera szczeg\u00f3\u0142owe informacje o zakresie prac, harmonogramie, prawach autorskich, wynagrodzeniu, odpowiedzialno\u015bci, poufno\u015bci oraz postanowieniach ko\u0144cowych.<\/p>\n","protected":false},"featured_media":10637,"comment_status":"closed","ping_status":"closed","template":"","meta":{"_acf_changed":false},"product_brand":[],"product_cat":[24],"product_tag":[],"class_list":{"0":"post-10746","1":"product","2":"type-product","3":"status-publish","4":"has-post-thumbnail","6":"product_cat-umowy","8":"first","9":"instock","10":"downloadable","11":"virtual","12":"taxable","13":"purchasable","14":"product-type-simple"},"acf":[],"_links":{"self":[{"href":"https:\/\/jztl.pl\/uk\/wp-json\/wp\/v2\/product\/10746","targetHints":{"allow":["GET"]}}],"collection":[{"href":"https:\/\/jztl.pl\/uk\/wp-json\/wp\/v2\/product"}],"about":[{"href":"https:\/\/jztl.pl\/uk\/wp-json\/wp\/v2\/types\/product"}],"replies":[{"embeddable":true,"href":"https:\/\/jztl.pl\/uk\/wp-json\/wp\/v2\/comments?post=10746"}],"wp:featuredmedia":[{"embeddable":true,"href":"https:\/\/jztl.pl\/uk\/wp-json\/wp\/v2\/media\/10637"}],"wp:attachment":[{"href":"https:\/\/jztl.pl\/uk\/wp-json\/wp\/v2\/media?parent=10746"}],"wp:term":[{"taxonomy":"product_brand","embeddable":true,"href":"https:\/\/jztl.pl\/uk\/wp-json\/wp\/v2\/product_brand?post=10746"},{"taxonomy":"product_cat","embeddable":true,"href":"https:\/\/jztl.pl\/uk\/wp-json\/wp\/v2\/product_cat?post=10746"},{"taxonomy":"product_tag","embeddable":true,"href":"https:\/\/jztl.pl\/uk\/wp-json\/wp\/v2\/product_tag?post=10746"}],"curies":[{"name":"wp","href":"https:\/\/api.w.org\/{rel}","templated":true}]}}